{"id":121,"date":"2013-11-22T15:08:14","date_gmt":"2013-11-22T15:08:14","guid":{"rendered":"http:\/\/musikundret.se\/?page_id=121"},"modified":"2023-02-21T23:42:29","modified_gmt":"2023-02-21T23:42:29","slug":"kontrollrum-2","status":"publish","type":"page","link":"https:\/\/musikundret.se\/?page_id=121","title":{"rendered":"Kontrollrum"},"content":{"rendered":"\n<p>Kontrollrummet p\u00e5 8m2 \u00e4r helt separerat fr\u00e5n inspelningsrummet d\u00e5 det bel\u00e4get i en annan byggnad. H\u00e4r finns hj\u00e4rtat Soundcraft MH2, 40 kanalers mixerbord med ett gammalt klassiskt alesis monitor one system samt massa h\u00e5rdvara i form av reverb och kompressorer med fokus p\u00e5 80-tals digitalreverb. En v\u00e4gg med b\u00e5de vintage och moderna syntar. Video- och audio\u00f6vervakat mellan kontrollrum och inspelningsrum i realtid.<\/p>\n\n\n\n<figure class=\"wp-block-image size-full\"><a href=\"https:\/\/media.musikundret.se\/2023\/02\/mixerbordmh2ny.jpg\"><img decoding=\"async\" loading=\"lazy\" width=\"693\" height=\"410\" src=\"https:\/\/media.musikundret.se\/2023\/02\/mixerbordmh2ny.jpg\" alt=\"\" class=\"wp-image-225\" srcset=\"http:\/\/media.musikundret.se\/2023\/02\/mixerbordmh2ny.jpg 693w, http:\/\/media.musikundret.se\/2023\/02\/mixerbordmh2ny-300x177.jpg 300w\" sizes=\"(max-width: 693px) 100vw, 693px\" \/><\/a><\/figure>\n","protected":false},"excerpt":{"rendered":"<p>Kontrollrummet p\u00e5 8m2 \u00e4r helt separerat fr\u00e5n inspelningsrummet d\u00e5 det bel\u00e4get i en annan byggnad. H\u00e4r finns hj\u00e4rtat Soundcraft MH2, 40 kanalers mixerbord med ett gammalt klassiskt alesis monitor one system samt massa h\u00e5rdvara i form av reverb och kompressorer &hellip; <a href=\"https:\/\/musikundret.se\/?page_id=121\">Forts\u00e4tt l\u00e4sa <span class=\"meta-nav\">&rarr;<\/span><\/a><\/p>\n","protected":false},"author":1,"featured_media":0,"parent":0,"menu_order":0,"comment_status":"closed","ping_status":"closed","template":"onecolumn-page.php","meta":[],"_links":{"self":[{"href":"https:\/\/musikundret.se\/index.php?rest_route=\/wp\/v2\/pages\/121"}],"collection":[{"href":"https:\/\/musikundret.se\/index.php?rest_route=\/wp\/v2\/pages"}],"about":[{"href":"https:\/\/musikundret.se\/index.php?rest_route=\/wp\/v2\/types\/page"}],"author":[{"embeddable":true,"href":"https:\/\/musikundret.se\/index.php?rest_route=\/wp\/v2\/users\/1"}],"replies":[{"embeddable":true,"href":"https:\/\/musikundret.se\/index.php?rest_route=%2Fwp%2Fv2%2Fcomments&post=121"}],"version-history":[{"count":8,"href":"https:\/\/musikundret.se\/index.php?rest_route=\/wp\/v2\/pages\/121\/revisions"}],"predecessor-version":[{"id":226,"href":"https:\/\/musikundret.se\/index.php?rest_route=\/wp\/v2\/pages\/121\/revisions\/226"}],"wp:attachment":[{"href":"https:\/\/musikundret.se\/index.php?rest_route=%2Fwp%2Fv2%2Fmedia&parent=121"}],"curies":[{"name":"wp","href":"https:\/\/api.w.org\/{rel}","templated":true}]}}