{"id":118,"date":"2013-11-22T15:06:29","date_gmt":"2013-11-22T15:06:29","guid":{"rendered":"http:\/\/musikundret.se\/?page_id=118"},"modified":"2023-02-21T23:26:53","modified_gmt":"2023-02-21T23:26:53","slug":"inspelningsrum","status":"publish","type":"page","link":"https:\/\/musikundret.se\/?page_id=118","title":{"rendered":"Inspelningsrum"},"content":{"rendered":"\n<p>Inspelningsrum, flytande. cirka 14m2, separat byggnad.<\/p>\n\n\n\n<p>Ljudisolerad och akustikbehandling &#8221;dead to open&#8221; absorbenter och DIY diffusorpaneler. Diverse gitarrf\u00f6rst\u00e4rkare och ett uppmickat standard trumset. <\/p>\n\n\n\n<p>Fungerar \u00e4ven som mix- och masteringrum n\u00e4r vi inte trackar.<\/p>\n\n\n\n<figure class=\"wp-block-image size-full is-resized\"><a href=\"http:\/\/media.musikundret.se\/2014\/01\/1560641_10151864662062647_1896669704_n.jpg\"><img decoding=\"async\" loading=\"lazy\" src=\"http:\/\/media.musikundret.se\/2014\/01\/1560641_10151864662062647_1896669704_n.jpg\" alt=\"\" class=\"wp-image-136\" width=\"480\" height=\"359\" srcset=\"http:\/\/media.musikundret.se\/2014\/01\/1560641_10151864662062647_1896669704_n.jpg 960w, http:\/\/media.musikundret.se\/2014\/01\/1560641_10151864662062647_1896669704_n-300x224.jpg 300w, http:\/\/media.musikundret.se\/2014\/01\/1560641_10151864662062647_1896669704_n-160x120.jpg 160w\" sizes=\"(max-width: 480px) 100vw, 480px\" \/><\/a><\/figure>\n","protected":false},"excerpt":{"rendered":"<p>Inspelningsrum, flytande. cirka 14m2, separat byggnad. Ljudisolerad och akustikbehandling &#8221;dead to open&#8221; absorbenter och DIY diffusorpaneler. Diverse gitarrf\u00f6rst\u00e4rkare och ett uppmickat standard trumset. Fungerar \u00e4ven som mix- och masteringrum n\u00e4r vi inte trackar.<\/p>\n","protected":false},"author":1,"featured_media":0,"parent":0,"menu_order":0,"comment_status":"closed","ping_status":"closed","template":"onecolumn-page.php","meta":[],"_links":{"self":[{"href":"https:\/\/musikundret.se\/index.php?rest_route=\/wp\/v2\/pages\/118"}],"collection":[{"href":"https:\/\/musikundret.se\/index.php?rest_route=\/wp\/v2\/pages"}],"about":[{"href":"https:\/\/musikundret.se\/index.php?rest_route=\/wp\/v2\/types\/page"}],"author":[{"embeddable":true,"href":"https:\/\/musikundret.se\/index.php?rest_route=\/wp\/v2\/users\/1"}],"replies":[{"embeddable":true,"href":"https:\/\/musikundret.se\/index.php?rest_route=%2Fwp%2Fv2%2Fcomments&post=118"}],"version-history":[{"count":8,"href":"https:\/\/musikundret.se\/index.php?rest_route=\/wp\/v2\/pages\/118\/revisions"}],"predecessor-version":[{"id":223,"href":"https:\/\/musikundret.se\/index.php?rest_route=\/wp\/v2\/pages\/118\/revisions\/223"}],"wp:attachment":[{"href":"https:\/\/musikundret.se\/index.php?rest_route=%2Fwp%2Fv2%2Fmedia&parent=118"}],"curies":[{"name":"wp","href":"https:\/\/api.w.org\/{rel}","templated":true}]}}